{"id":162,"date":"2014-10-30T14:13:15","date_gmt":"2014-10-30T12:13:15","guid":{"rendered":"http:\/\/www.aanot.ch\/?page_id=162"},"modified":"2026-01-21T12:48:37","modified_gmt":"2026-01-21T10:48:37","slug":"home-2","status":"publish","type":"page","link":"https:\/\/www.aanot.ch\/fr\/","title":{"rendered":"Home"},"content":{"rendered":"<div class='content-column one_half'><h2 style=\"text-align: justify;\">Bienvenue sur mon site web. Contrairement \u00e0 la tendance actuelle orient\u00e9e vers les grands bureaux d\u2019avocats, j\u2019ai d\u00e9lib\u00e9r\u00e9ment fait le choix d\u2019une \u00e9tude de petite taille <strong>au coeur de <a href=\"https:\/\/www.aanot.ch\/fr\/contact-et-site\/\">Berne<\/a><\/strong> et \u00e0 3256 <strong><a href=\"https:\/\/www.aanot.ch\/fr\/contact-et-site\/\">Seewil<\/a><\/strong> (Rapperswil BE) pr\u00e8s de M\u00fcnchenbuchsee. Cet \u00e9l\u00e9ment et ma vaste formation me permettent de conseiller personnellement des entreprises et particuliers, de les informer quant \u00e0 leurs possibilit\u00e9s et droits mais \u00e9galement de trouver une solution optimale.<\/h2>\n<p>\u00a9 2026 a. Advokatur &amp; Notariat Ochsner, Avanti Sarah Ochsner<\/p>\n<pre id=\"tw-target-text\" class=\"tw-data-text tw-text-large tw-ta\" dir=\"ltr\" data-placeholder=\"\u00dcbersetzung\"><\/div><div class='content-column one_half last_column'><div style=\"padding-left:20px;\"><img loading=\"lazy\" decoding=\"async\" class=\" alignright wp-image-54\" src=\"http:\/\/www.aanot.ch\/wp-content\/uploads\/2013\/12\/2066_0291-1024x683.jpg\" alt=\"2066_0291\" width=\"400\" height=\"267\" srcset=\"https:\/\/www.aanot.ch\/wp-content\/uploads\/2013\/12\/2066_0291-1024x683.jpg 1024w, https:\/\/www.aanot.ch\/wp-content\/uploads\/2013\/12\/2066_0291-300x200.jpg 300w, https:\/\/www.aanot.ch\/wp-content\/uploads\/2013\/12\/2066_0291-624x416.jpg 624w, https:\/\/www.aanot.ch\/wp-content\/uploads\/2013\/12\/2066_0291.jpg 1382w\" sizes=\"auto, (max-width: 400px) 100vw, 400px\" \/>\r\n<img loading=\"lazy\" decoding=\"async\" class=\" size-full wp-image-267 alignright\" src=\"http:\/\/www.aanot.ch\/wp-content\/uploads\/2013\/11\/Seite-11.jpg\" alt=\"Seite-1\" width=\"400\" height=\"212\" srcset=\"https:\/\/www.aanot.ch\/wp-content\/uploads\/2013\/11\/Seite-11.jpg 400w, https:\/\/www.aanot.ch\/wp-content\/uploads\/2013\/11\/Seite-11-300x159.jpg 300w\" sizes=\"auto, (max-width: 400px) 100vw, 400px\" \/>\r\n<img loading=\"lazy\" decoding=\"async\" class=\" alignright wp-image-212\" src=\"https:\/\/www.aanot.ch\/wp-content\/uploads\/2022\/07\/20200427_173749-scaled.jpg\" alt=\"Seite-1\" width=\"400\" height=\"212\" \/><\/div><\/div><div class='clear_column'><\/div><\/pre>\n","protected":false},"excerpt":{"rendered":"","protected":false},"author":1,"featured_media":0,"parent":0,"menu_order":19,"comment_status":"closed","ping_status":"closed","template":"page-templates\/full-width.php","meta":{"footnotes":""},"class_list":["post-162","page","type-page","status-publish","hentry"],"yoast_head":"<!-- This site is optimized with the Yoast SEO plugin v27.5 - https:\/\/yoast.com\/product\/yoast-seo-wordpress\/ -->\n<title>Home - a. Advokatur &amp; Notariat Ochsner<\/title>\n<meta name=\"robots\" content=\"index, follow, max-snippet:-1, max-image-preview:large, max-video-preview:-1\" \/>\n<link rel=\"canonical\" href=\"https:\/\/www.aanot.ch\/fr\/\" \/>\n<meta property=\"og:locale\" content=\"fr_FR\" \/>\n<meta property=\"og:type\" content=\"article\" \/>\n<meta property=\"og:title\" content=\"Home - a. Advokatur &amp; Notariat Ochsner\" \/>\n<meta property=\"og:url\" content=\"https:\/\/www.aanot.ch\/fr\/\" \/>\n<meta property=\"og:site_name\" content=\"a. Advokatur &amp; Notariat Ochsner\" \/>\n<meta property=\"article:modified_time\" content=\"2026-01-21T10:48:37+00:00\" \/>\n<meta property=\"og:image\" content=\"https:\/\/www.aanot.ch\/wp-content\/uploads\/2013\/12\/2066_0291.jpg\" \/>\n\t<meta property=\"og:image:width\" content=\"1382\" \/>\n\t<meta property=\"og:image:height\" content=\"922\" \/>\n\t<meta property=\"og:image:type\" content=\"image\/jpeg\" \/>\n<meta name=\"twitter:card\" content=\"summary_large_image\" \/>\n<meta name=\"twitter:label1\" content=\"Dur\u00e9e de lecture estim\u00e9e\" \/>\n\t<meta name=\"twitter:data1\" content=\"1 minute\" \/>\n<script type=\"application\/ld+json\" class=\"yoast-schema-graph\">{\"@context\":\"https:\\\/\\\/schema.org\",\"@graph\":[{\"@type\":\"WebPage\",\"@id\":\"https:\\\/\\\/www.aanot.ch\\\/fr\\\/\",\"url\":\"https:\\\/\\\/www.aanot.ch\\\/fr\\\/\",\"name\":\"Home - a. Advokatur &amp; Notariat Ochsner\",\"isPartOf\":{\"@id\":\"https:\\\/\\\/www.aanot.ch\\\/#website\"},\"primaryImageOfPage\":{\"@id\":\"https:\\\/\\\/www.aanot.ch\\\/fr\\\/#primaryimage\"},\"image\":{\"@id\":\"https:\\\/\\\/www.aanot.ch\\\/fr\\\/#primaryimage\"},\"thumbnailUrl\":\"http:\\\/\\\/www.aanot.ch\\\/wp-content\\\/uploads\\\/2013\\\/12\\\/2066_0291-1024x683.jpg\",\"datePublished\":\"2014-10-30T12:13:15+00:00\",\"dateModified\":\"2026-01-21T10:48:37+00:00\",\"breadcrumb\":{\"@id\":\"https:\\\/\\\/www.aanot.ch\\\/fr\\\/#breadcrumb\"},\"inLanguage\":\"fr-FR\",\"potentialAction\":[{\"@type\":\"ReadAction\",\"target\":[\"https:\\\/\\\/www.aanot.ch\\\/fr\\\/\"]}]},{\"@type\":\"ImageObject\",\"inLanguage\":\"fr-FR\",\"@id\":\"https:\\\/\\\/www.aanot.ch\\\/fr\\\/#primaryimage\",\"url\":\"http:\\\/\\\/www.aanot.ch\\\/wp-content\\\/uploads\\\/2013\\\/12\\\/2066_0291-1024x683.jpg\",\"contentUrl\":\"http:\\\/\\\/www.aanot.ch\\\/wp-content\\\/uploads\\\/2013\\\/12\\\/2066_0291-1024x683.jpg\"},{\"@type\":\"BreadcrumbList\",\"@id\":\"https:\\\/\\\/www.aanot.ch\\\/fr\\\/#breadcrumb\",\"itemListElement\":[{\"@type\":\"ListItem\",\"position\":1,\"name\":\"Home\",\"item\":\"https:\\\/\\\/www.aanot.ch\\\/fr\\\/\"},{\"@type\":\"ListItem\",\"position\":2,\"name\":\"Home\"}]},{\"@type\":\"WebSite\",\"@id\":\"https:\\\/\\\/www.aanot.ch\\\/#website\",\"url\":\"https:\\\/\\\/www.aanot.ch\\\/\",\"name\":\"a. Advokatur &amp; Notariat Ochsner\",\"description\":\"\",\"potentialAction\":[{\"@type\":\"SearchAction\",\"target\":{\"@type\":\"EntryPoint\",\"urlTemplate\":\"https:\\\/\\\/www.aanot.ch\\\/?s={search_term_string}\"},\"query-input\":{\"@type\":\"PropertyValueSpecification\",\"valueRequired\":true,\"valueName\":\"search_term_string\"}}],\"inLanguage\":\"fr-FR\"}]}<\/script>\n<!-- \/ Yoast SEO plugin. -->","yoast_head_json":{"title":"Home - a. Advokatur &amp; Notariat Ochsner","robots":{"index":"index","follow":"follow","max-snippet":"max-snippet:-1","max-image-preview":"max-image-preview:large","max-video-preview":"max-video-preview:-1"},"canonical":"https:\/\/www.aanot.ch\/fr\/","og_locale":"fr_FR","og_type":"article","og_title":"Home - a. Advokatur &amp; Notariat Ochsner","og_url":"https:\/\/www.aanot.ch\/fr\/","og_site_name":"a. Advokatur &amp; Notariat Ochsner","article_modified_time":"2026-01-21T10:48:37+00:00","og_image":[{"width":1382,"height":922,"url":"https:\/\/www.aanot.ch\/wp-content\/uploads\/2013\/12\/2066_0291.jpg","type":"image\/jpeg"}],"twitter_card":"summary_large_image","twitter_misc":{"Dur\u00e9e de lecture estim\u00e9e":"1 minute"},"schema":{"@context":"https:\/\/schema.org","@graph":[{"@type":"WebPage","@id":"https:\/\/www.aanot.ch\/fr\/","url":"https:\/\/www.aanot.ch\/fr\/","name":"Home - a. Advokatur &amp; Notariat Ochsner","isPartOf":{"@id":"https:\/\/www.aanot.ch\/#website"},"primaryImageOfPage":{"@id":"https:\/\/www.aanot.ch\/fr\/#primaryimage"},"image":{"@id":"https:\/\/www.aanot.ch\/fr\/#primaryimage"},"thumbnailUrl":"http:\/\/www.aanot.ch\/wp-content\/uploads\/2013\/12\/2066_0291-1024x683.jpg","datePublished":"2014-10-30T12:13:15+00:00","dateModified":"2026-01-21T10:48:37+00:00","breadcrumb":{"@id":"https:\/\/www.aanot.ch\/fr\/#breadcrumb"},"inLanguage":"fr-FR","potentialAction":[{"@type":"ReadAction","target":["https:\/\/www.aanot.ch\/fr\/"]}]},{"@type":"ImageObject","inLanguage":"fr-FR","@id":"https:\/\/www.aanot.ch\/fr\/#primaryimage","url":"http:\/\/www.aanot.ch\/wp-content\/uploads\/2013\/12\/2066_0291-1024x683.jpg","contentUrl":"http:\/\/www.aanot.ch\/wp-content\/uploads\/2013\/12\/2066_0291-1024x683.jpg"},{"@type":"BreadcrumbList","@id":"https:\/\/www.aanot.ch\/fr\/#breadcrumb","itemListElement":[{"@type":"ListItem","position":1,"name":"Home","item":"https:\/\/www.aanot.ch\/fr\/"},{"@type":"ListItem","position":2,"name":"Home"}]},{"@type":"WebSite","@id":"https:\/\/www.aanot.ch\/#website","url":"https:\/\/www.aanot.ch\/","name":"a. Advokatur &amp; Notariat Ochsner","description":"","potentialAction":[{"@type":"SearchAction","target":{"@type":"EntryPoint","urlTemplate":"https:\/\/www.aanot.ch\/?s={search_term_string}"},"query-input":{"@type":"PropertyValueSpecification","valueRequired":true,"valueName":"search_term_string"}}],"inLanguage":"fr-FR"}]}},"_links":{"self":[{"href":"https:\/\/www.aanot.ch\/fr\/wp-json\/wp\/v2\/pages\/162","targetHints":{"allow":["GET"]}}],"collection":[{"href":"https:\/\/www.aanot.ch\/fr\/wp-json\/wp\/v2\/pages"}],"about":[{"href":"https:\/\/www.aanot.ch\/fr\/wp-json\/wp\/v2\/types\/page"}],"author":[{"embeddable":true,"href":"https:\/\/www.aanot.ch\/fr\/wp-json\/wp\/v2\/users\/1"}],"replies":[{"embeddable":true,"href":"https:\/\/www.aanot.ch\/fr\/wp-json\/wp\/v2\/comments?post=162"}],"version-history":[{"count":22,"href":"https:\/\/www.aanot.ch\/fr\/wp-json\/wp\/v2\/pages\/162\/revisions"}],"predecessor-version":[{"id":978,"href":"https:\/\/www.aanot.ch\/fr\/wp-json\/wp\/v2\/pages\/162\/revisions\/978"}],"wp:attachment":[{"href":"https:\/\/www.aanot.ch\/fr\/wp-json\/wp\/v2\/media?parent=162"}],"curies":[{"name":"wp","href":"https:\/\/api.w.org\/{rel}","templated":true}]}}